{"id":19,"date":"2019-03-07T20:48:36","date_gmt":"2019-03-07T19:48:36","guid":{"rendered":"http:\/\/neww.jservices.cz\/?page_id=19"},"modified":"2025-10-29T20:45:36","modified_gmt":"2025-10-29T19:45:36","slug":"j-services-web","status":"publish","type":"page","link":"https:\/\/jservices.cz\/","title":{"rendered":"J Services web"},"content":{"rendered":"<p>[et_pb_section fb_built=&#8220;1&#8243; custom_padding_last_edited=&#8220;on|tablet&#8220; admin_label=&#8220;Hero Section&#8220; module_id=&#8220;uvod&#8220; _builder_version=&#8220;4.16&#8243; use_background_color_gradient=&#8220;on&#8220; background_color_gradient_stops=&#8220;rgba(255,255,255,0) 0%|#ffffff 100%&#8220; background_color_gradient_overlays_image=&#8220;on&#8220; background_color_gradient_start=&#8220;rgba(255,255,255,0)&#8220; background_color_gradient_end=&#8220;#ffffff&#8220; background_image=&#8220;http:\/\/jservices.cz\/wp-content\/uploads\/2019\/03\/WebBanner_1.png&#8220; custom_padding=&#8220;100px|0px|176px|0px|false|false&#8220; custom_padding_tablet=&#8220;|||&#8220; custom_padding_phone=&#8220;|||&#8220; global_colors_info=&#8220;{}&#8220;][et_pb_row _builder_version=&#8220;4.16&#8243; custom_padding=&#8220;0|0px|0|0|false|false&#8220; animation_style=&#8220;slide&#8220; animation_direction=&#8220;bottom&#8220; animation_intensity_slide=&#8220;10%&#8220; global_colors_info=&#8220;{}&#8220;][et_pb_column type=&#8220;4_4&#8243; _builder_version=&#8220;4.16&#8243; custom_padding=&#8220;|||&#8220; global_colors_info=&#8220;{}&#8220; custom_padding__hover=&#8220;|||&#8220;][et_pb_text _builder_version=&#8220;4.16&#8243; global_colors_info=&#8220;{}&#8220;]<\/p>\n<p>&nbsp;<\/p>\n<p>&nbsp;<\/p>\n<p>[\/et_pb_text][et_pb_text admin_label=&#8220;Logo J Services&#8220; _builder_version=&#8220;4.16&#8243; global_colors_info=&#8220;{}&#8220;]<\/p>\n<p><img loading=\"lazy\" decoding=\"async\" src=\"http:\/\/jservices.cz\/wp-content\/uploads\/2019\/03\/pruhledne-jservices2-300x110.png\" width=\"518\" height=\"190\" alt=\"\" class=\"wp-image-92 alignnone size-medium\" style=\"display: block; margin-left: auto; margin-right: auto;\" srcset=\"https:\/\/jservices.cz\/wp-content\/uploads\/2019\/03\/pruhledne-jservices2-300x110.png 300w, https:\/\/jservices.cz\/wp-content\/uploads\/2019\/03\/pruhledne-jservices2.png 643w\" sizes=\"(max-width: 518px) 100vw, 518px\" \/><\/p>\n<p>[\/et_pb_text][\/et_pb_column][\/et_pb_row][\/et_pb_section][et_pb_section fb_built=&#8220;1&#8243; admin_label=&#8220;CTA with Image&#8220; _builder_version=&#8220;4.16&#8243; custom_padding=&#8220;0|0px|0|0px|false|false&#8220; box_shadow_style=&#8220;preset7&#8243; box_shadow_horizontal=&#8220;0px&#8220; box_shadow_vertical=&#8220;-269px&#8220; box_shadow_color=&#8220;#f3f5fa&#8220; global_colors_info=&#8220;{}&#8220;][et_pb_row column_structure=&#8220;1_2,1_2&#8243; use_custom_gutter=&#8220;on&#8220; gutter_width=&#8220;1&#8243; admin_label=&#8220;Tittle Row&#8220; module_id=&#8220;sluzby&#8220; _builder_version=&#8220;4.27.4&#8243; custom_padding=&#8220;27px|0px|0px|0px&#8220; global_colors_info=&#8220;{}&#8220;][et_pb_column type=&#8220;1_2&#8243; _builder_version=&#8220;4.16&#8243; custom_padding=&#8220;|||&#8220; global_colors_info=&#8220;{}&#8220; custom_padding__hover=&#8220;|||&#8220;][et_pb_cta title=&#8220;Co pro V\u00e1s m\u016f\u017eeme ud\u011blat?&#8220; button_text=&#8220;Zjistit v\u00edce&#8220; _builder_version=&#8220;4.27.4&#8243; header_font=&#8220;Montserrat|700|||||||&#8220; header_font_size=&#8220;40px&#8220; header_line_height=&#8220;1.4em&#8220; body_font=&#8220;Ubuntu|500|||||||&#8220; body_text_color=&#8220;rgba(255,255,255,0.7)&#8220; body_font_size=&#8220;16px&#8220; body_line_height=&#8220;1.8em&#8220; background_color=&#8220;#3644AF&#8220; custom_button=&#8220;on&#8220; button_text_size=&#8220;16px&#8220; button_text_color=&#8220;#ffffff&#8220; button_bg_color=&#8220;#1FB6E9&#8243; button_border_width=&#8220;10px&#8220; button_border_color=&#8220;#1fb6e9&#8243; button_border_radius=&#8220;5px&#8220; button_letter_spacing=&#8220;2px&#8220; button_font=&#8220;Ubuntu|||on|||||&#8220; button_use_icon=&#8220;off&#8220; text_orientation=&#8220;left&#8220; max_width_last_edited=&#8220;off|desktop&#8220; module_alignment=&#8220;right&#8220; custom_padding=&#8220;100px|70px|100px|70px&#8220; animation_style=&#8220;slide&#8220; animation_direction=&#8220;bottom&#8220; animation_intensity_slide=&#8220;10%&#8220; animation_starting_opacity=&#8220;100%&#8220; button_text_color_hover=&#8220;#ffffff&#8220; button_border_color_hover=&#8220;#2a3443&#8243; button_border_radius_hover=&#8220;5px&#8220; button_letter_spacing_hover=&#8220;2px&#8220; button_bg_color_hover=&#8220;#2a3443&#8243; global_colors_info=&#8220;{}&#8220; button_text_size__hover_enabled=&#8220;off&#8220; button_one_text_size__hover_enabled=&#8220;off&#8220; button_two_text_size__hover_enabled=&#8220;off&#8220; button_text_color__hover_enabled=&#8220;on&#8220; button_text_color__hover=&#8220;#ffffff&#8220; button_one_text_color__hover_enabled=&#8220;off&#8220; button_two_text_color__hover_enabled=&#8220;off&#8220; button_border_width__hover_enabled=&#8220;off&#8220; button_one_border_width__hover_enabled=&#8220;off&#8220; button_two_border_width__hover_enabled=&#8220;off&#8220; button_border_color__hover_enabled=&#8220;on&#8220; button_border_color__hover=&#8220;#2a3443&#8243; button_one_border_color__hover_enabled=&#8220;off&#8220; button_two_border_color__hover_enabled=&#8220;off&#8220; button_border_radius__hover_enabled=&#8220;on&#8220; button_border_radius__hover=&#8220;5px&#8220; button_one_border_radius__hover_enabled=&#8220;off&#8220; button_two_border_radius__hover_enabled=&#8220;off&#8220; button_letter_spacing__hover_enabled=&#8220;on&#8220; button_letter_spacing__hover=&#8220;2px&#8220; button_one_letter_spacing__hover_enabled=&#8220;off&#8220; button_two_letter_spacing__hover_enabled=&#8220;off&#8220; button_bg_color__hover_enabled=&#8220;on&#8220; button_bg_color__hover=&#8220;#2a3443&#8243; button_one_bg_color__hover_enabled=&#8220;off&#8220; button_two_bg_color__hover_enabled=&#8220;off&#8220;]<\/p>\n<p>Zab\u00fdv\u00e1me se slu\u017ebami IT pro \u017eivnostn\u00edky, mal\u00e9 a st\u0159edn\u00ed firmy.<\/p>\n<p>[\/et_pb_cta][\/et_pb_column][et_pb_column type=&#8220;1_2&#8243; _builder_version=&#8220;4.16&#8243; custom_padding=&#8220;|||&#8220; global_colors_info=&#8220;{}&#8220; custom_padding__hover=&#8220;|||&#8220;][et_pb_image src=&#8220;http:\/\/jservices.cz\/wp-content\/uploads\/2019\/03\/image-4.jpg&#8220; align_tablet=&#8220;center&#8220; align_phone=&#8220;&#8220; align_last_edited=&#8220;on|desktop&#8220; _builder_version=&#8220;4.16&#8243; custom_margin=&#8220;150px|||&#8220; animation_style=&#8220;slide&#8220; animation_direction=&#8220;top&#8220; animation_intensity_slide=&#8220;10%&#8220; animation_starting_opacity=&#8220;100%&#8220; global_colors_info=&#8220;{}&#8220;][\/et_pb_image][\/et_pb_column][\/et_pb_row][\/et_pb_section][et_pb_section fb_built=&#8220;1&#8243; admin_label=&#8220;AnyDesk&#8220; module_id=&#8220;anydesk&#8220; _builder_version=&#8220;4.27.4&#8243; custom_padding=&#8220;150px|0px|0|0px|false|false&#8220; top_divider_style=&#8220;asymmetric3&#8243; top_divider_color=&#8220;#F3F5FA&#8220; global_colors_info=&#8220;{}&#8220;][et_pb_row column_structure=&#8220;1_2,1_2&#8243; _builder_version=&#8220;4.27.4&#8243; custom_padding=&#8220;0|0px|27px|0px|false|false&#8220; global_colors_info=&#8220;{}&#8220;][et_pb_column type=&#8220;1_2&#8243; _builder_version=&#8220;4.16&#8243; custom_padding=&#8220;|||&#8220; global_colors_info=&#8220;{}&#8220; custom_padding__hover=&#8220;|||&#8220;][et_pb_text _builder_version=&#8220;4.27.4&#8243; _module_preset=&#8220;default&#8220; hover_enabled=&#8220;0&#8243; global_colors_info=&#8220;{}&#8220; admin_label=&#8220;Windows&#8220; sticky_enabled=&#8220;0&#8243;]<\/p>\n<div><a href=\"https:\/\/my.anydesk.com\/v2\/api\/v2\/custom-clients\/downloads\/public\/ZRKG1CSIF86I\/AnyDesk_JServices.exe\"><img decoding=\"async\" class=\"aligncenter\" src=\"https:\/\/get.anydesk.com\/_static\/dl-btn-wr-large.png\" alt=\"Download AnyDesk\" \/><\/a><\/div>\n<div style=\"text-align: center;\"><strong>Windows<\/strong><\/div>\n<p>[\/et_pb_text][\/et_pb_column][et_pb_column type=&#8220;1_2&#8243; _builder_version=&#8220;4.16&#8243; custom_padding=&#8220;|||&#8220; global_colors_info=&#8220;{}&#8220; custom_padding__hover=&#8220;|||&#8220;][et_pb_text _builder_version=&#8220;4.27.4&#8243; _module_preset=&#8220;default&#8220; hover_enabled=&#8220;0&#8243; global_colors_info=&#8220;{}&#8220; admin_label=&#8220;Mac OS&#8220; sticky_enabled=&#8220;0&#8243;]<\/p>\n<div><a href=\"https:\/\/my.anydesk.com\/v2\/api\/v2\/custom-clients\/downloads\/public\/G8MQPJNZGEPQ\/AnyDesk_JServices.dmg\"><img decoding=\"async\" class=\"aligncenter\" src=\"https:\/\/get.anydesk.com\/_static\/dl-btn-wb-large.png\" alt=\"Download AnyDesk\" \/><\/a><\/div>\n<div style=\"text-align: center;\"><strong>Mac OS<\/strong><\/div>\n<p>[\/et_pb_text][\/et_pb_column][\/et_pb_row][\/et_pb_section][et_pb_section fb_built=&#8220;1&#8243; admin_label=&#8220;Kontaktn\u00ed formul\u00e1\u0159&#8220; module_id=&#8220;kontakt&#8220; _builder_version=&#8220;4.16&#8243; custom_padding=&#8220;150px|0px|0|0px|false|false&#8220; top_divider_style=&#8220;asymmetric3&#8243; top_divider_color=&#8220;#F3F5FA&#8220; global_colors_info=&#8220;{}&#8220;][et_pb_row column_structure=&#8220;1_2,1_2&#8243; _builder_version=&#8220;4.16&#8243; custom_padding=&#8220;0|0px|27px|0px|false|false&#8220; global_colors_info=&#8220;{}&#8220;][et_pb_column type=&#8220;1_2&#8243; _builder_version=&#8220;4.16&#8243; custom_padding=&#8220;|||&#8220; global_colors_info=&#8220;{}&#8220; custom_padding__hover=&#8220;|||&#8220;][et_pb_cta title=&#8220;Jakub Dvo\u0159\u00e1k&#8220; button_url=&#8220;\/#sluzby&#8220; admin_label=&#8220;Kontaktn\u00ed \u00fadaje &#8211; J&#8220; _builder_version=&#8220;4.27.4&#8243; header_font=&#8220;Montserrat|700|||||||&#8220; header_font_size=&#8220;40px&#8220; header_line_height=&#8220;1.4em&#8220; body_font=&#8220;Ubuntu|500|||||||&#8220; body_text_color=&#8220;rgba(255,255,255,0.7)&#8220; body_font_size=&#8220;16px&#8220; body_line_height=&#8220;1.8em&#8220; background_color=&#8220;#3644AF&#8220; custom_button=&#8220;on&#8220; button_text_size=&#8220;16px&#8220; button_text_color=&#8220;#ffffff&#8220; button_bg_color=&#8220;#1FB6E9&#8243; button_border_width=&#8220;10px&#8220; button_border_color=&#8220;#1fb6e9&#8243; button_border_radius=&#8220;5px&#8220; button_letter_spacing=&#8220;2px&#8220; button_font=&#8220;Ubuntu|||on|||||&#8220; button_use_icon=&#8220;off&#8220; text_orientation=&#8220;left&#8220; max_width_last_edited=&#8220;off|desktop&#8220; module_alignment=&#8220;right&#8220; custom_padding=&#8220;100px|70px|100px|70px&#8220; animation_style=&#8220;slide&#8220; animation_direction=&#8220;right&#8220; animation_intensity_slide=&#8220;10%&#8220; animation_starting_opacity=&#8220;100%&#8220; hover_enabled=&#8220;0&#8243; button_text_color_hover=&#8220;#ffffff&#8220; button_border_color_hover=&#8220;#2a3443&#8243; button_border_radius_hover=&#8220;5px&#8220; button_letter_spacing_hover=&#8220;2px&#8220; button_bg_color_hover=&#8220;#2a3443&#8243; global_colors_info=&#8220;{}&#8220; button_text_size__hover_enabled=&#8220;off&#8220; button_one_text_size__hover_enabled=&#8220;off&#8220; button_two_text_size__hover_enabled=&#8220;off&#8220; button_text_color__hover_enabled=&#8220;on&#8220; button_text_color__hover=&#8220;#ffffff&#8220; button_one_text_color__hover_enabled=&#8220;off&#8220; button_two_text_color__hover_enabled=&#8220;off&#8220; button_border_width__hover_enabled=&#8220;off&#8220; button_one_border_width__hover_enabled=&#8220;off&#8220; button_two_border_width__hover_enabled=&#8220;off&#8220; button_border_color__hover_enabled=&#8220;on&#8220; button_border_color__hover=&#8220;#2a3443&#8243; button_one_border_color__hover_enabled=&#8220;off&#8220; button_two_border_color__hover_enabled=&#8220;off&#8220; button_border_radius__hover_enabled=&#8220;on&#8220; button_border_radius__hover=&#8220;5px&#8220; button_one_border_radius__hover_enabled=&#8220;off&#8220; button_two_border_radius__hover_enabled=&#8220;off&#8220; button_letter_spacing__hover_enabled=&#8220;on&#8220; button_letter_spacing__hover=&#8220;2px&#8220; button_one_letter_spacing__hover_enabled=&#8220;off&#8220; button_two_letter_spacing__hover_enabled=&#8220;off&#8220; button_bg_color__hover_enabled=&#8220;on&#8220; button_bg_color__hover=&#8220;#2a3443&#8243; button_one_bg_color__hover_enabled=&#8220;off&#8220; button_two_bg_color__hover_enabled=&#8220;off&#8220; sticky_enabled=&#8220;0&#8243;]<\/p>\n<p>U Tvrze 524<br \/>273 53 Hostou\u0148<strong><br \/><\/strong><\/p>\n<p><strong><span style=\"color: white;\">I\u010c:<\/span><\/strong> 02903032<br \/><strong><span style=\"color: white;\">E-mail:<\/span><\/strong> jakub.dvorak (zavin\u00e1\u010d) jservices.cz<br \/><strong><span style=\"color: white;\">Tel:<\/span>\u00a0<\/strong>+420 720 752 007<\/p>\n<p>[\/et_pb_cta][\/et_pb_column][et_pb_column type=&#8220;1_2&#8243; _builder_version=&#8220;4.16&#8243; custom_padding=&#8220;|||&#8220; global_colors_info=&#8220;{}&#8220; custom_padding__hover=&#8220;|||&#8220;][et_pb_cta title=&#8220;Lucie Dvo\u0159\u00e1kov\u00e1&#8220; button_url=&#8220;\/#sluzby&#8220; admin_label=&#8220;Kontaktn\u00ed \u00fadaje &#8211; L&#8220; _builder_version=&#8220;4.27.4&#8243; header_font=&#8220;Montserrat|700|||||||&#8220; header_font_size=&#8220;40px&#8220; header_line_height=&#8220;1.4em&#8220; body_font=&#8220;Ubuntu|500|||||||&#8220; body_text_color=&#8220;rgba(255,255,255,0.7)&#8220; body_font_size=&#8220;16px&#8220; body_line_height=&#8220;1.8em&#8220; background_color=&#8220;#3644AF&#8220; custom_button=&#8220;on&#8220; button_text_size=&#8220;16px&#8220; button_text_color=&#8220;#ffffff&#8220; button_bg_color=&#8220;#1FB6E9&#8243; button_border_width=&#8220;10px&#8220; button_border_color=&#8220;#1fb6e9&#8243; button_border_radius=&#8220;5px&#8220; button_letter_spacing=&#8220;2px&#8220; button_font=&#8220;Ubuntu|||on|||||&#8220; button_use_icon=&#8220;off&#8220; text_orientation=&#8220;left&#8220; max_width_last_edited=&#8220;off|desktop&#8220; module_alignment=&#8220;right&#8220; custom_padding=&#8220;100px|70px|100px|70px&#8220; animation_style=&#8220;slide&#8220; animation_direction=&#8220;right&#8220; animation_intensity_slide=&#8220;10%&#8220; animation_starting_opacity=&#8220;100%&#8220; hover_enabled=&#8220;0&#8243; button_text_color_hover=&#8220;#ffffff&#8220; button_border_color_hover=&#8220;#2a3443&#8243; button_border_radius_hover=&#8220;5px&#8220; button_letter_spacing_hover=&#8220;2px&#8220; button_bg_color_hover=&#8220;#2a3443&#8243; global_colors_info=&#8220;{}&#8220; button_text_size__hover_enabled=&#8220;off&#8220; button_one_text_size__hover_enabled=&#8220;off&#8220; button_two_text_size__hover_enabled=&#8220;off&#8220; button_text_color__hover_enabled=&#8220;on&#8220; button_text_color__hover=&#8220;#ffffff&#8220; button_one_text_color__hover_enabled=&#8220;off&#8220; button_two_text_color__hover_enabled=&#8220;off&#8220; button_border_width__hover_enabled=&#8220;off&#8220; button_one_border_width__hover_enabled=&#8220;off&#8220; button_two_border_width__hover_enabled=&#8220;off&#8220; button_border_color__hover_enabled=&#8220;on&#8220; button_border_color__hover=&#8220;#2a3443&#8243; button_one_border_color__hover_enabled=&#8220;off&#8220; button_two_border_color__hover_enabled=&#8220;off&#8220; button_border_radius__hover_enabled=&#8220;on&#8220; button_border_radius__hover=&#8220;5px&#8220; button_one_border_radius__hover_enabled=&#8220;off&#8220; button_two_border_radius__hover_enabled=&#8220;off&#8220; button_letter_spacing__hover_enabled=&#8220;on&#8220; button_letter_spacing__hover=&#8220;2px&#8220; button_one_letter_spacing__hover_enabled=&#8220;off&#8220; button_two_letter_spacing__hover_enabled=&#8220;off&#8220; button_bg_color__hover_enabled=&#8220;on&#8220; button_bg_color__hover=&#8220;#2a3443&#8243; button_one_bg_color__hover_enabled=&#8220;off&#8220; button_two_bg_color__hover_enabled=&#8220;off&#8220; sticky_enabled=&#8220;0&#8243;]<\/p>\n<p>U Tvrze 524<br \/>273 53 Hostou\u0148<strong><br \/><\/strong><\/p>\n<p><strong><span style=\"color: white;\">I\u010c:<\/span><\/strong> 05119383<br \/><strong><span style=\"color: white;\">E-mail:<\/span><\/strong> lucie.dvorakova (zavin\u00e1\u010d) jservices.cz<br \/><strong><span style=\"color: white;\">Tel:<\/span>\u00a0<\/strong>+420 605 037 150<\/p>\n<p>[\/et_pb_cta][\/et_pb_column][\/et_pb_row][et_pb_row column_structure=&#8220;1_6,1_6,1_6,1_6,1_6,1_6&#8243; _builder_version=&#8220;4.27.4&#8243; _module_preset=&#8220;default&#8220; global_colors_info=&#8220;{}&#8220;][et_pb_column type=&#8220;1_6&#8243; _builder_version=&#8220;4.27.4&#8243; _module_preset=&#8220;default&#8220; global_colors_info=&#8220;{}&#8220;][et_pb_text admin_label=&#8220;Facebook&#8220; _builder_version=&#8220;4.27.4&#8243; _module_preset=&#8220;default&#8220; global_colors_info=&#8220;{}&#8220;]<a href=\"https:\/\/www.facebook.com\/JServicescz\/\" target=\"_blank\" rel=\"noopener\" title=\"JServicescz na Facebooku\" style=\"display:inline-block;width:32px;height:32px;\"><br \/>\n  <svg width=\"32\" height=\"32\" viewBox=\"0 0 32 32\" aria-hidden=\"true\" focusable=\"false\" style=\"display:block;\">\n    <circle cx=\"16\" cy=\"16\" r=\"16\" fill=\"#1877f3\"\/>\n    <path d=\"M20.9 21.9l.6-4h-3.2v-2.1c0-1.1.3-1.8 1.8-1.8h1.3V10.2c-.2 0-1.1-.1-2.2-.1-2.2 0-3.6 1.3-3.6 3.7v2.1H11v4h2.3v8.1a12.7 12.7 0 003.1 0V21.9h2.5z\" fill=\"#fff\"\/>\n  <\/svg><br \/>\n<\/a>[\/et_pb_text][\/et_pb_column][et_pb_column type=&#8220;1_6&#8243; _builder_version=&#8220;4.27.4&#8243; _module_preset=&#8220;default&#8220; global_colors_info=&#8220;{}&#8220;][et_pb_text admin_label=&#8220;Instagram&#8220; _builder_version=&#8220;4.27.4&#8243; _module_preset=&#8220;default&#8220; global_colors_info=&#8220;{}&#8220;]<a href=\"https:\/\/www.instagram.com\/jservicescz\" target=\"_blank\" rel=\"noopener\" title=\"JServicescz na Instagramu\" style=\"display:inline-block;width:32px;height:32px; color: #000;\"><br \/>\n  <svg xmlns=\"http:\/\/www.w3.org\/2000\/svg\" width=\"32\" height=\"32\" fill=\"currentColor\" class=\"bi bi-instagram\" viewBox=\"0 0 16 16\" aria-hidden=\"true\" focusable=\"false\">\n    <path d=\"M8 0C5.829 0 5.556.01 4.703.048 3.85.088 3.269.222 2.76.42a3.9 3.9 0 0 0-1.417.923A3.9 3.9 0 0 0 .42 2.76C.222 3.268.087 3.85.048 4.7.01 5.555 0 5.827 0 8.001c0 2.172.01 2.444.048 3.297.04.852.174 1.433.372 1.942.205.526.478.972.923 1.417.444.445.89.719 1.416.923.51.198 1.09.333 1.942.372C5.555 15.99 5.827 16 8 16s2.444-.01 3.298-.048c.851-.04 1.434-.174 1.943-.372a3.9 3.9 0 0 0 1.416-.923c.445-.445.718-.891.923-1.417.197-.509.332-1.09.372-1.942C15.99 10.445 16 10.173 16 8s-.01-2.445-.048-3.299c-.04-.851-.175-1.433-.372-1.941a3.9 3.9 0 0 0-.923-1.417A3.9 3.9 0 0 0 13.24.42c-.51-.198-1.092-.333-1.943-.372C10.443.01 10.172 0 7.998 0zm-.717 1.442h.718c2.136 0 2.389.007 3.232.046.78.035 1.204.166 1.486.275.373.145.64.319.92.599s.453.546.598.92c.11.281.24.705.275 1.485.039.843.047 1.096.047 3.231s-.008 2.389-.047 3.232c-.035.78-.166 1.203-.275 1.485a2.5 2.5 0 0 1-.599.919c-.28.28-.546.453-.92.598-.28.11-.704.24-1.485.276-.843.038-1.096.047-3.232.047s-2.39-.009-3.233-.047c-.78-.036-1.203-.166-1.485-.276a2.5 2.5 0 0 1-.92-.598 2.5 2.5 0 0 1-.6-.92c-.109-.281-.24-.705-.275-1.485-.038-.843-.046-1.096-.046-3.233s.008-2.388.046-3.231c.036-.78.166-1.204.276-1.486.145-.373.319-.64.599-.92s.546-.453.92-.598c.282-.11.705-.24 1.485-.276.738-.034 1.024-.044 2.515-.045zm4.988 1.328a.96.96 0 1 0 0 1.92.96.96 0 0 0 0-1.92m-4.27 1.122a4.109 4.109 0 1 0 0 8.217 4.109 4.109 0 0 0 0-8.217m0 1.441a2.667 2.667 0 1 1 0 5.334 2.667 2.667 0 0 1 0-5.334\"\/>\n  <\/svg><br \/>\n<\/a>[\/et_pb_text][\/et_pb_column][et_pb_column type=&#8220;1_6&#8243; _builder_version=&#8220;4.27.4&#8243; _module_preset=&#8220;default&#8220; global_colors_info=&#8220;{}&#8220;][\/et_pb_column][et_pb_column type=&#8220;1_6&#8243; _builder_version=&#8220;4.27.4&#8243; _module_preset=&#8220;default&#8220; global_colors_info=&#8220;{}&#8220;][\/et_pb_column][et_pb_column type=&#8220;1_6&#8243; _builder_version=&#8220;4.27.4&#8243; _module_preset=&#8220;default&#8220; global_colors_info=&#8220;{}&#8220;][\/et_pb_column][et_pb_column type=&#8220;1_6&#8243; _builder_version=&#8220;4.27.4&#8243; _module_preset=&#8220;default&#8220; global_colors_info=&#8220;{}&#8220;][\/et_pb_column][\/et_pb_row][\/et_pb_section][et_pb_section fb_built=&#8220;1&#8243; admin_label=&#8220;Cen\u00edk&#8220; module_id=&#8220;cenik&#8220; _builder_version=&#8220;4.16&#8243; background_color=&#8220;#F3F5FA&#8220; custom_padding=&#8220;4px|0px|100px|0px|false|false&#8220; global_colors_info=&#8220;{}&#8220;][et_pb_row admin_label=&#8220;Cen\u00edk&#8220; _builder_version=&#8220;4.16&#8243; global_colors_info=&#8220;{}&#8220;][et_pb_column type=&#8220;4_4&#8243; _builder_version=&#8220;4.16&#8243; custom_padding=&#8220;|||&#8220; global_colors_info=&#8220;{}&#8220; custom_padding__hover=&#8220;|||&#8220;][et_pb_code admin_label=&#8220;Cen\u00edk&#8220; _builder_version=&#8220;4.27.4&#8243; global_colors_info=&#8220;{}&#8220;]<\/p>\n<style type=\"text\/css\"><!-- [et_pb_line_break_holder] -->.tg  {border-collapse:collapse;border-spacing:0;}<!-- [et_pb_line_break_holder] -->.tg td{font-family:Arial, sans-serif;font-size:14px;padding:3px 20px;border-style:solid;border-width:1px;overflow:hidden;word-break:normal;border-color:black;}<!-- [et_pb_line_break_holder] -->.tg th{font-family:Arial, sans-serif;font-size:14px;font-weight:normal;padding:3px 20px;border-style:solid;border-width:1px;overflow:hidden;word-break:normal;border-color:black;}<!-- [et_pb_line_break_holder] -->.tg .tg-ghxq{font-weight:bold;background-color:#3644af;color:#ffffff;border-color:inherit;text-align:left;vertical-align:top}<!-- [et_pb_line_break_holder] -->.tg .tg-yj5y{background-color:#efefef;border-color:inherit;text-align:center;vertical-align:top}<!-- [et_pb_line_break_holder] -->.tg .tg-c3ow{border-color:inherit;text-align:center;vertical-align:top}<!-- [et_pb_line_break_holder] -->.tg .tg-r1lv{background-color:#3644af;color:#ffffff;border-color:inherit;text-align:left;vertical-align:top}<!-- [et_pb_line_break_holder] -->.tg .tg-y698{background-color:#efefef;border-color:inherit;text-align:left;vertical-align:top}<!-- [et_pb_line_break_holder] -->.tg .tg-0pky{border-color:inherit;text-align:left;vertical-align:top}<!-- [et_pb_line_break_holder] --><\/style>\n<p><!-- [et_pb_line_break_holder] --><\/p>\n<table class=\"tg\"><!-- [et_pb_line_break_holder] -->  <\/p>\n<tr><!-- [et_pb_line_break_holder] -->    <\/p>\n<th class=\"tg-r1lv\"><span style=\"font-weight:bold\">\u00dakon<\/span><\/th>\n<p><!-- [et_pb_line_break_holder] -->    <\/p>\n<th class=\"tg-ghxq\">Hodinov\u00e1 sazba<!\u2013- [et_pb_br_holder] -\u2013><\/th>\n<p><!-- [et_pb_line_break_holder] -->  <\/tr>\n<p><!-- [et_pb_line_break_holder] -->  <\/p>\n<tr><!-- [et_pb_line_break_holder] -->    <\/p>\n<td class=\"tg-y698\">Hodinov\u00e1 sazba IT specialisty<!\u2013- [et_pb_br_holder] -\u2013><\/td>\n<p><!-- [et_pb_line_break_holder] -->    <\/p>\n<td class=\"tg-yj5y\">1200,-<\/td>\n<p><!-- [et_pb_line_break_holder] -->  <\/tr>\n<p><!-- [et_pb_line_break_holder] -->  <\/p>\n<tr><!-- [et_pb_line_break_holder] -->    <\/p>\n<td class=\"tg-0pky\" colspan=\"2\"><\/td>\n<p><!-- [et_pb_line_break_holder] -->  <\/tr>\n<p><!-- [et_pb_line_break_holder] -->  <\/p>\n<tr><!-- [et_pb_line_break_holder] -->    <\/p>\n<td class=\"tg-y698\">z\u00e1kladn\u00ed instalace OS a pot\u0159ebn\u00fdch driver\u016f<\/td>\n<p><!-- [et_pb_line_break_holder] -->    <\/p>\n<td class=\"tg-yj5y\">1100,-<\/td>\n<p><!-- [et_pb_line_break_holder] -->  <\/tr>\n<p><!-- [et_pb_line_break_holder] -->  <\/p>\n<tr><!-- [et_pb_line_break_holder] -->    <\/p>\n<td class=\"tg-y698\">z\u00e1kladn\u00ed instalace OS a pot\u0159ebn\u00fdch driver\u016f v\u010d. dal\u0161\u00edho SW<\/td>\n<p><!-- [et_pb_line_break_holder] -->    <\/p>\n<td class=\"tg-yj5y\">1500,-<\/td>\n<p><!-- [et_pb_line_break_holder] -->  <\/tr>\n<p><!-- [et_pb_line_break_holder] -->  <\/p>\n<tr><!-- [et_pb_line_break_holder] -->    <\/p>\n<td class=\"tg-y698\">+ z\u00e1loha dat<\/td>\n<p><!-- [et_pb_line_break_holder] -->    <\/p>\n<td class=\"tg-yj5y\">+500,-<\/td>\n<p><!-- [et_pb_line_break_holder] -->  <\/tr>\n<p><!-- [et_pb_line_break_holder] -->  <\/p>\n<tr><!-- [et_pb_line_break_holder] -->    <\/p>\n<td class=\"tg-y698\" colspan=\"2\">P\u0159i vzd\u00e1len\u00e9m p\u0159ipojen\u00ed se \u00fa\u010dtuje prvn\u00edch 10min jednor\u00e1zov\u011b, n\u00e1sledn\u011b od minuty<\/td>\n<p><!-- [et_pb_line_break_holder] -->  <\/tr>\n<p><!-- [et_pb_line_break_holder] -->  <\/p>\n<tr><!-- [et_pb_line_break_holder] -->    <\/p>\n<td class=\"tg-0pky\" colspan=\"2\"><\/td>\n<p><!-- [et_pb_line_break_holder] -->  <\/tr>\n<p><!-- [et_pb_line_break_holder] -->  <\/p>\n<tr><!-- [et_pb_line_break_holder] -->    <\/p>\n<td class=\"tg-0pky\">Cena dopravy se v\u017edy po\u010d\u00edt\u00e1 z adresy provozovatele a po\u010d\u00edt\u00e1 se pouze cesta jedn\u00edm sm\u011brem (do m\u00edsta ur\u010den\u00ed)<\/td>\n<p><!-- [et_pb_line_break_holder] -->    <\/p>\n<td class=\"tg-c3ow\">16,-\/km<\/td>\n<p><!-- [et_pb_line_break_holder] -->  <\/tr>\n<p><!-- [et_pb_line_break_holder] -->  <\/p>\n<tr><!-- [et_pb_line_break_holder] -->    <\/p>\n<td class=\"tg-r1lv\" colspan=\"2\"><span style=\"font-weight:bold\">Jsme pl\u00e1tci DPH.<\/span><\/td>\n<p><!-- [et_pb_line_break_holder] -->  <\/tr>\n<p><!-- [et_pb_line_break_holder] --><\/table>\n<p>[\/et_pb_code][\/et_pb_column][\/et_pb_row][\/et_pb_section]<\/p>\n","protected":false},"excerpt":{"rendered":"<p>&nbsp; &nbsp;Zab\u00fdv\u00e1me se slu\u017ebami IT pro \u017eivnostn\u00edky, mal\u00e9 a st\u0159edn\u00ed firmy. Windows Mac OSU Tvrze 524273 53 Hostou\u0148 I\u010c: 02903032E-mail: jakub.dvorak (zavin\u00e1\u010d) jservices.czTel:\u00a0+420 720 752 007U Tvrze 524273 53 Hostou\u0148 I\u010c: 05119383E-mail: lucie.dvorakova (zavin\u00e1\u010d) jservices.czTel:\u00a0+420 605 037 150<\/p>\n","protected":false},"author":1,"featured_media":0,"parent":0,"menu_order":0,"comment_status":"closed","ping_status":"closed","template":"","meta":{"_et_pb_use_builder":"on","_et_pb_old_content":"<!-- wp:paragraph -->\r\n<p>web<\/p>\r\n<!-- \/wp:paragraph -->","_et_gb_content_width":"","footnotes":""},"class_list":["post-19","page","type-page","status-publish","hentry"],"_links":{"self":[{"href":"https:\/\/jservices.cz\/index.php\/wp-json\/wp\/v2\/pages\/19","targetHints":{"allow":["GET"]}}],"collection":[{"href":"https:\/\/jservices.cz\/index.php\/wp-json\/wp\/v2\/pages"}],"about":[{"href":"https:\/\/jservices.cz\/index.php\/wp-json\/wp\/v2\/types\/page"}],"author":[{"embeddable":true,"href":"https:\/\/jservices.cz\/index.php\/wp-json\/wp\/v2\/users\/1"}],"replies":[{"embeddable":true,"href":"https:\/\/jservices.cz\/index.php\/wp-json\/wp\/v2\/comments?post=19"}],"version-history":[{"count":131,"href":"https:\/\/jservices.cz\/index.php\/wp-json\/wp\/v2\/pages\/19\/revisions"}],"predecessor-version":[{"id":555,"href":"https:\/\/jservices.cz\/index.php\/wp-json\/wp\/v2\/pages\/19\/revisions\/555"}],"wp:attachment":[{"href":"https:\/\/jservices.cz\/index.php\/wp-json\/wp\/v2\/media?parent=19"}],"curies":[{"name":"wp","href":"https:\/\/api.w.org\/{rel}","templated":true}]}}